{"id":1453,"date":"2022-01-08T08:50:14","date_gmt":"2022-01-08T12:50:14","guid":{"rendered":"https:\/\/klbtheme.com\/furnob\/?page_id=1453"},"modified":"2022-11-17T15:17:31","modified_gmt":"2022-11-17T19:17:31","slug":"inicio","status":"publish","type":"page","link":"https:\/\/gpcabinet.com\/payments\/","title":{"rendered":"Inicio"},"content":{"rendered":"\t\t<div data-elementor-type=\"wp-page\" data-elementor-id=\"1453\" class=\"elementor elementor-1453\">\n\t\t\t\t\t\t\t\t\t<section class=\"elementor-section elementor-top-section elementor-element elementor-element-bdf2d63 elementor-section-full_width elementor-section-stretched elementor-hidden-tablet elementor-hidden-mobile elementor-section-height-default elementor-section-height-default\" data-id=\"bdf2d63\" data-element_type=\"section\" data-settings=\"{&quot;stretch_section&quot;:&quot;section-stretched&quot;}\">\n\t\t\t\t\t\t<div class=\"elementor-container elementor-column-gap-no\">\n\t\t\t\t\t<div class=\"elementor-column elementor-col-100 elementor-top-column elementor-element elementor-element-16feea3\" data-id=\"16feea3\" data-element_type=\"column\">\n\t\t\t<div class=\"elementor-widget-wrap elementor-element-populated\">\n\t\t\t\t\t\t\t\t<div class=\"elementor-element elementor-element-6131719 elementor-widget elementor-widget-furnob-home-slider\" data-id=\"6131719\" data-element_type=\"widget\" data-widget_type=\"furnob-home-slider.default\">\n\t\t\t\t<div class=\"elementor-widget-container\">\n\t\t\t<div class=\"site-module module-slider small\"><div class=\"module-body\"><div class=\"site-slider owl-carousel\" data-desktop=\"1\" data-tablet=\"1\" data-mobile=\"1\" data-speed=\"600\" data-loop=\"true\" data-gutter=\"0\" data-dots=\"\" data-nav=\"\" data-autoplay=\"\" data-autospeed=\"\" data-autostop=\"false\"><div class=\"slider-item\"><div class=\"slider-content content-left\"><div class=\"slider-inner\"><h4 class=\"entry-teaser\">Pagos seguros con Stripe<\/h4><h2 class=\"entry-title\">Paga tus servicios de manera segura y confiable.<\/h2><div class=\"entry-content\"><p><\/p><\/div><!-- entry-content --><div class=\"content-buttons\"><a href=\"https:\/\/buy.stripe.com\/28o0415Vs3gUat2dQQ\"  class=\"btn btn-white \">Click aqui para pagar <i class=\"klbth-icon-right-arrow\"><\/i><\/a><\/div><!-- content-buttons --><\/div><!-- slider-inner --><\/div><!-- slider-content --><div class=\"slider-image\"><img decoding=\"async\" src=\"https:\/\/gpcabinet.com\/payments\/wp-content\/uploads\/2022\/11\/banner-home08.jpg\" alt=\"slide\"\/><\/div><\/div><!-- slider-item --><\/div><\/div><\/div>\t\t<\/div>\n\t\t\t\t<\/div>\n\t\t\t\t\t<\/div>\n\t\t<\/div>\n\t\t\t\t\t\t\t<\/div>\n\t\t<\/section>\n\t\t\t\t<section class=\"elementor-section elementor-top-section elementor-element elementor-element-ef2616b elementor-section-full_width elementor-section-stretched elementor-hidden-desktop elementor-section-height-default elementor-section-height-default\" data-id=\"ef2616b\" data-element_type=\"section\" data-settings=\"{&quot;stretch_section&quot;:&quot;section-stretched&quot;}\">\n\t\t\t\t\t\t<div class=\"elementor-container elementor-column-gap-no\">\n\t\t\t\t\t<div class=\"elementor-column elementor-col-100 elementor-top-column elementor-element elementor-element-db74c26\" data-id=\"db74c26\" data-element_type=\"column\">\n\t\t\t<div class=\"elementor-widget-wrap elementor-element-populated\">\n\t\t\t\t\t\t\t\t<div class=\"elementor-element elementor-element-38cdaa1 elementor-widget elementor-widget-furnob-home-slider\" data-id=\"38cdaa1\" data-element_type=\"widget\" data-widget_type=\"furnob-home-slider.default\">\n\t\t\t\t<div class=\"elementor-widget-container\">\n\t\t\t<div class=\"site-module module-slider small\"><div class=\"module-body\"><div class=\"site-slider owl-carousel\" data-desktop=\"1\" data-tablet=\"1\" data-mobile=\"1\" data-speed=\"600\" data-loop=\"true\" data-gutter=\"0\" data-dots=\"\" data-nav=\"\" data-autoplay=\"\" data-autospeed=\"\" data-autostop=\"false\"><div class=\"slider-item\"><div class=\"slider-content content-left\"><div class=\"slider-inner\"><h4 class=\"entry-teaser\">Pagos seguros con Stripe<\/h4><h2 class=\"entry-title\">Paga tus servicios de manera segura y confiable.<\/h2><div class=\"entry-content\"><p><\/p><\/div><!-- entry-content --><div class=\"content-buttons\"><a href=\"https:\/\/buy.stripe.com\/28o0415Vs3gUat2dQQ\"  class=\"btn btn-white \">Click aqu\u00ed para pagar <i class=\"klbth-icon-right-arrow\"><\/i><\/a><\/div><!-- content-buttons --><\/div><!-- slider-inner --><\/div><!-- slider-content --><div class=\"slider-image\"><img decoding=\"async\" src=\"https:\/\/gpcabinet.com\/payments\/wp-content\/uploads\/2022\/11\/banner-home08.jpg\" alt=\"slide\"\/><\/div><\/div><!-- slider-item --><\/div><\/div><\/div>\t\t<\/div>\n\t\t\t\t<\/div>\n\t\t\t\t\t<\/div>\n\t\t<\/div>\n\t\t\t\t\t\t\t<\/div>\n\t\t<\/section>\n\t\t\t\t<div class=\"elementor-section elementor-top-section elementor-element elementor-element-5f002ba elementor-hidden-desktop elementor-hidden-tablet elementor-hidden-mobile elementor-section-boxed elementor-section-height-default elementor-section-height-default\" data-id=\"5f002ba\" data-element_type=\"section\" data-settings=\"{&quot;background_background&quot;:&quot;classic&quot;}\">\n\t\t\t\t\t\t<div class=\"elementor-container elementor-column-gap-no\">\n\t\t\t\t\t<div class=\"elementor-column elementor-col-100 elementor-top-column elementor-element elementor-element-f5aa093\" data-id=\"f5aa093\" data-element_type=\"column\">\n\t\t\t<div class=\"elementor-widget-wrap elementor-element-populated\">\n\t\t\t\t\t\t\t\t<section class=\"elementor-section elementor-inner-section elementor-element elementor-element-db55432 elementor-section-boxed elementor-section-height-default elementor-section-height-default\" data-id=\"db55432\" data-element_type=\"section\">\n\t\t\t\t\t\t<div class=\"elementor-container elementor-column-gap-extended\">\n\t\t\t\t\t<div class=\"elementor-column elementor-col-33 elementor-inner-column elementor-element elementor-element-9afe9e6 elementor-hidden-tablet elementor-hidden-mobile\" data-id=\"9afe9e6\" data-element_type=\"column\">\n\t\t\t<div class=\"elementor-widget-wrap\">\n\t\t\t\t\t\t\t\t\t<\/div>\n\t\t<\/div>\n\t\t\t\t<div class=\"elementor-column elementor-col-33 elementor-inner-column elementor-element elementor-element-3fd2464\" data-id=\"3fd2464\" data-element_type=\"column\">\n\t\t\t<div class=\"elementor-widget-wrap elementor-element-populated\">\n\t\t\t\t\t\t\t\t<div class=\"elementor-element elementor-element-f955bda elementor-widget elementor-widget-furnob-testimonial\" data-id=\"f955bda\" data-element_type=\"widget\" data-widget_type=\"furnob-testimonial.default\">\n\t\t\t\t<div class=\"elementor-widget-container\">\n\t\t\t<div class=\"site-module module-customer\"><div class=\"module-body\"><div class=\"customer-card\"><div class=\"customer-rating\"><span class=\"rating\">9.5<\/span><div class=\"customer-info\"><h4 class=\"entry-name\">Thomas Henry<\/h4><span class=\"desc\">Kissimmee, FL<\/span><div class=\"stars\"><i class=\"klbth-icon-star\"><\/i><i class=\"klbth-icon-star\"><\/i><i class=\"klbth-icon-star\"><\/i><i class=\"klbth-icon-star\"><\/i><i class=\"klbth-icon-star\"><\/i><\/div><!-- stars --><\/div><!-- customer-info --><\/div><!-- customer-rating --><div class=\"customer-message\"><p>&quot;El resultado final fue exactamente lo que esperaba. Recomendar\u00eda esta empresa a cualquiera y felizmente los volver\u00eda a contratar en el futuro&quot;.<\/p><\/div><!-- customer-message --><\/div><!-- customer-card --><\/div><!-- module-body --><\/div><!-- site-module -->\t\t<\/div>\n\t\t\t\t<\/div>\n\t\t\t\t\t<\/div>\n\t\t<\/div>\n\t\t\t\t<div class=\"elementor-column elementor-col-33 elementor-inner-column elementor-element elementor-element-4bc89a0 elementor-hidden-tablet elementor-hidden-mobile\" data-id=\"4bc89a0\" data-element_type=\"column\">\n\t\t\t<div class=\"elementor-widget-wrap\">\n\t\t\t\t\t\t\t\t\t<\/div>\n\t\t<\/div>\n\t\t\t\t\t\t\t<\/div>\n\t\t<\/section>\n\t\t\t\t\t<\/div>\n\t\t<\/div>\n\t\t\t\t\t\t\t<\/div>\n\t\t<\/div>\n\t\t\t\t<div class=\"elementor-section elementor-top-section elementor-element elementor-element-3cc29cc elementor-section-boxed elementor-section-height-default elementor-section-height-default\" data-id=\"3cc29cc\" data-element_type=\"section\">\n\t\t\t\t\t\t<div class=\"elementor-container elementor-column-gap-extended\">\n\t\t\t\t\t<div class=\"elementor-column elementor-col-33 elementor-top-column elementor-element elementor-element-3738a0b\" data-id=\"3738a0b\" data-element_type=\"column\">\n\t\t\t<div class=\"elementor-widget-wrap elementor-element-populated\">\n\t\t\t\t\t\t\t\t<div class=\"elementor-element elementor-element-3794ba7 elementor-widget elementor-widget-furnob-icon-box\" data-id=\"3794ba7\" data-element_type=\"widget\" data-widget_type=\"furnob-icon-box.default\">\n\t\t\t\t<div class=\"elementor-widget-container\">\n\t\t\t<div class=\"site-module module-iconbox\"><div class=\"icon\"><i class=\"klbth-icon--support\"><\/i><\/div><!-- icon --><div class=\"content\"><h4 class=\"entry-title\">Atenci\u00f3n al cliente<\/h4><div class=\"entry-content\"><p>Nuestros expertos siempre est\u00e1n aqu\u00ed para ayudarte.<\/p><\/div><!-- entry-content --><\/div><!-- content --><\/div><!-- site-module -->\t\t<\/div>\n\t\t\t\t<\/div>\n\t\t\t\t\t<\/div>\n\t\t<\/div>\n\t\t\t\t<div class=\"elementor-column elementor-col-33 elementor-top-column elementor-element elementor-element-8a43ef1\" data-id=\"8a43ef1\" data-element_type=\"column\">\n\t\t\t<div class=\"elementor-widget-wrap elementor-element-populated\">\n\t\t\t\t\t\t\t\t<div class=\"elementor-element elementor-element-27ad293 elementor-widget elementor-widget-furnob-icon-box\" data-id=\"27ad293\" data-element_type=\"widget\" data-widget_type=\"furnob-icon-box.default\">\n\t\t\t\t<div class=\"elementor-widget-container\">\n\t\t\t<div class=\"site-module module-iconbox\"><div class=\"icon\"><i class=\"klbth-icon-screen\"><\/i><\/div><!-- icon --><div class=\"content\"><h4 class=\"entry-title\">Garant\u00eda<\/h4><div class=\"entry-content\"><p>El m\u00e1s alto est\u00e1ndar de calidad y detalle en cada trabajo.<\/p><\/div><!-- entry-content --><\/div><!-- content --><\/div><!-- site-module -->\t\t<\/div>\n\t\t\t\t<\/div>\n\t\t\t\t\t<\/div>\n\t\t<\/div>\n\t\t\t\t<div class=\"elementor-column elementor-col-33 elementor-top-column elementor-element elementor-element-2f14950\" data-id=\"2f14950\" data-element_type=\"column\">\n\t\t\t<div class=\"elementor-widget-wrap elementor-element-populated\">\n\t\t\t\t\t\t\t\t<div class=\"elementor-element elementor-element-0d8ed40 elementor-widget elementor-widget-furnob-icon-box\" data-id=\"0d8ed40\" data-element_type=\"widget\" data-widget_type=\"furnob-icon-box.default\">\n\t\t\t\t<div class=\"elementor-widget-container\">\n\t\t\t<div class=\"site-module module-iconbox\"><div class=\"icon\"><i class=\"klbth-icon-security\"><\/i><\/div><!-- icon --><div class=\"content\"><h4 class=\"entry-title\">Pagos seguros<\/h4><div class=\"entry-content\"><p>Todos los pagos cuentan con un alto nivel de seguridad.<\/p><\/div><!-- entry-content --><\/div><!-- content --><\/div><!-- site-module -->\t\t<\/div>\n\t\t\t\t<\/div>\n\t\t\t\t\t<\/div>\n\t\t<\/div>\n\t\t\t\t\t\t\t<\/div>\n\t\t<\/div>\n\t\t\t\t\t\t\t<\/div>\n\t\t","protected":false},"excerpt":{"rendered":"<p>Pagos seguros con Stripe Paga tus servicios de manera segura y confiable. Click aqui para pagar Pagos seguros con Stripe Paga tus servicios de manera segura y confiable. Click aqu\u00ed para pagar 9.5 Thomas Henry Kissimmee, FL &quot;El resultado final fue exactamente lo que esperaba. Recomendar\u00eda esta empresa a cualquiera y felizmente los volver\u00eda a<\/p>\n<div class=\"klb-readmore entry-button\"><a class=\"btn link\" href=\"https:\/\/gpcabinet.com\/payments\/\">Read More <i class=\"klbth-icon-right-arrow\"><\/i><\/a><\/div>\n","protected":false},"author":5,"featured_media":0,"parent":0,"menu_order":0,"comment_status":"closed","ping_status":"closed","template":"","meta":{"footnotes":""},"class_list":["post-1453","page","type-page","status-publish","hentry"],"_links":{"self":[{"href":"https:\/\/gpcabinet.com\/payments\/wp-json\/wp\/v2\/pages\/1453","targetHints":{"allow":["GET"]}}],"collection":[{"href":"https:\/\/gpcabinet.com\/payments\/wp-json\/wp\/v2\/pages"}],"about":[{"href":"https:\/\/gpcabinet.com\/payments\/wp-json\/wp\/v2\/types\/page"}],"author":[{"embeddable":true,"href":"https:\/\/gpcabinet.com\/payments\/wp-json\/wp\/v2\/users\/5"}],"replies":[{"embeddable":true,"href":"https:\/\/gpcabinet.com\/payments\/wp-json\/wp\/v2\/comments?post=1453"}],"version-history":[{"count":195,"href":"https:\/\/gpcabinet.com\/payments\/wp-json\/wp\/v2\/pages\/1453\/revisions"}],"predecessor-version":[{"id":17066,"href":"https:\/\/gpcabinet.com\/payments\/wp-json\/wp\/v2\/pages\/1453\/revisions\/17066"}],"wp:attachment":[{"href":"https:\/\/gpcabinet.com\/payments\/wp-json\/wp\/v2\/media?parent=1453"}],"curies":[{"name":"wp","href":"https:\/\/api.w.org\/{rel}","templated":true}]}}